{"id":9,"date":"2026-04-04T06:28:09","date_gmt":"2026-04-04T06:28:09","guid":{"rendered":"https:\/\/kk55.contact\/?page_id=9"},"modified":"2026-04-04T06:31:05","modified_gmt":"2026-04-04T06:31:05","slug":"trang-chu","status":"publish","type":"page","link":"https:\/\/kk55.contact\/","title":{"rendered":"Trang Ch\u1ee7"},"content":{"rendered":"\t<div class=\"img has-hover x md-x lg-x y md-y lg-y\" id=\"image_1072265061\">\n\t\t\t\t\t\t\t\t<div class=\"img-inner dark\" >\n\t\t\t<img loading=\"lazy\" decoding=\"async\" width=\"1920\" height=\"300\" src=\"https:\/\/kk55.contact\/wp-content\/uploads\/2026\/04\/dang-ky-lien-tay.webp\" class=\"attachment-original size-original\" alt=\"\u0111\u0103ng k\u00fd li\u1ec1n tay\" srcset=\"https:\/\/kk55.contact\/wp-content\/uploads\/2026\/04\/dang-ky-lien-tay.webp 1920w, https:\/\/kk55.contact\/wp-content\/uploads\/2026\/04\/dang-ky-lien-tay-300x47.webp 300w, https:\/\/kk55.contact\/wp-content\/uploads\/2026\/04\/dang-ky-lien-tay-1024x160.webp 1024w, https:\/\/kk55.contact\/wp-content\/uploads\/2026\/04\/dang-ky-lien-tay-768x120.webp 768w, https:\/\/kk55.contact\/wp-content\/uploads\/2026\/04\/dang-ky-lien-tay-1536x240.webp 1536w\" sizes=\"auto, (max-width: 1920px) 100vw, 1920px\" \/>\t\t\t\t\t\t\n\t\t\t\t\t<\/div>\n\t\t\t\t\t\t\t\t\n<style>\n#image_1072265061 {\n  width: 100%;\n}\n<\/style>\n\t<\/div>\n\t\n","protected":false},"excerpt":{"rendered":"","protected":false},"author":1,"featured_media":0,"parent":0,"menu_order":0,"comment_status":"closed","ping_status":"closed","template":"page-blank.php","meta":{"footnotes":""},"class_list":["post-9","page","type-page","status-publish","hentry"],"_links":{"self":[{"href":"https:\/\/kk55.contact\/index.php?rest_route=\/wp\/v2\/pages\/9","targetHints":{"allow":["GET"]}}],"collection":[{"href":"https:\/\/kk55.contact\/index.php?rest_route=\/wp\/v2\/pages"}],"about":[{"href":"https:\/\/kk55.contact\/index.php?rest_route=\/wp\/v2\/types\/page"}],"author":[{"embeddable":true,"href":"https:\/\/kk55.contact\/index.php?rest_route=\/wp\/v2\/users\/1"}],"replies":[{"embeddable":true,"href":"https:\/\/kk55.contact\/index.php?rest_route=%2Fwp%2Fv2%2Fcomments&post=9"}],"version-history":[{"count":2,"href":"https:\/\/kk55.contact\/index.php?rest_route=\/wp\/v2\/pages\/9\/revisions"}],"predecessor-version":[{"id":15,"href":"https:\/\/kk55.contact\/index.php?rest_route=\/wp\/v2\/pages\/9\/revisions\/15"}],"wp:attachment":[{"href":"https:\/\/kk55.contact\/index.php?rest_route=%2Fwp%2Fv2%2Fmedia&parent=9"}],"curies":[{"name":"wp","href":"https:\/\/api.w.org\/{rel}","templated":true}]}}